{"id":28,"date":"2023-10-17T17:15:32","date_gmt":"2023-10-17T17:15:32","guid":{"rendered":"https:\/\/edtoart.com\/restaurant\/?page_id=28"},"modified":"2023-10-17T23:16:32","modified_gmt":"2023-10-17T23:16:32","slug":"restaurante","status":"publish","type":"page","link":"https:\/\/edtoart.com\/restaurant\/restaurante\/","title":{"rendered":"Restaurante"},"content":{"rendered":"<div class=\"wp-block-image\">\n<figure class=\"aligncenter is-resized\"><img decoding=\"async\" src=\"http:\/\/www.edtoart.com\/rest\/web\/sites\/default\/files\/styles\/location_image__lg\/public\/locations\/me-sabe-a-peru-edtoart.jpg?itok=8I3389FB\" alt=\"\" style=\"aspect-ratio:1.55;width:437px;height:auto\"\/><\/figure>\n<\/div>\n\n\n<p><a href=\"http:\/\/www.edtoart.com\/rest\/web\/sites\/default\/files\/locations\/me-sabe-a-peru-edtoart.jpg\"><\/a><\/p>\n\n\n\n<h2 class=\"wp-block-heading\">EdToArt<\/h2>\n\n\n\n<h4 class=\"wp-block-heading has-medium-font-size\">Direcci\u00f3n<\/h4>\n\n\n\n<p class=\"has-medium-font-size\">Calle La Rosa, 59<br>38001 Santa Cruz de Tenerife Santa Cruz de Tenerife<br>Espa\u00f1a<\/p>\n\n\n\n<h4 class=\"wp-block-heading\">Horario<\/h4>\n\n\n\n<figure class=\"wp-block-table\"><table><tbody><tr><td>S\u00e1bado<\/td><td class=\"has-text-align-center\" data-align=\"center\">Ma\u00f1anas: 13:30 &#8211; 16:30      Tardes: 20:30 &#8211; 23:30<\/td><\/tr><tr><td>Domingo<\/td><td class=\"has-text-align-center\" data-align=\"center\">Ma\u00f1anas: 13:30 &#8211; 16:30      Tardes: 20:30 &#8211; 23:30<\/td><\/tr><tr><td>Lunes<\/td><td class=\"has-text-align-center\" data-align=\"center\">Ma\u00f1anas: 13:30 &#8211; 16:30      Tardes: 20:30 &#8211; 23:30<\/td><\/tr><tr><td>Martes<\/td><td class=\"has-text-align-center\" data-align=\"center\">CERRADO<\/td><\/tr><tr><td>Mi\u00e9rcoles<\/td><td class=\"has-text-align-center\" data-align=\"center\">CERRADO<\/td><\/tr><tr><td>Jueves<\/td><td class=\"has-text-align-center\" data-align=\"center\">Ma\u00f1anas: 13:30 &#8211; 16:30      Tardes: 20:30 &#8211; 23:30<\/td><\/tr><tr><td>Viernes<\/td><td class=\"has-text-align-center\" data-align=\"center\">Ma\u00f1anas: 13:30 &#8211; 16:30      Tardes: 20:30 &#8211; 23:30<\/td><\/tr><\/tbody><\/table><\/figure>\n","protected":false},"excerpt":{"rendered":"<p>EdToArt Direcci\u00f3n Calle La Rosa, 5938001 Santa Cruz de Tenerife Santa Cruz de TenerifeEspa\u00f1a Horario S\u00e1bado Ma\u00f1anas: 13:30 &#8211; 16:30 Tardes: 20:30 &#8211; 23:30 Domingo Ma\u00f1anas: 13:30 &#8211; 16:30 Tardes: 20:30 &#8211; 23:30 Lunes Ma\u00f1anas: 13:30 &#8211; 16:30 Tardes: 20:30 &#8211; 23:30 Martes CERRADO Mi\u00e9rcoles CERRADO Jueves Ma\u00f1anas: 13:30 &#8211; 16:30 Tardes: 20:30 &#8211; 23:30 [&hellip;]<\/p>\n","protected":false},"author":1,"featured_media":0,"parent":0,"menu_order":0,"comment_status":"closed","ping_status":"closed","template":"","meta":{"footnotes":""},"class_list":["post-28","page","type-page","status-publish","hentry"],"_links":{"self":[{"href":"https:\/\/edtoart.com\/restaurant\/wp-json\/wp\/v2\/pages\/28","targetHints":{"allow":["GET"]}}],"collection":[{"href":"https:\/\/edtoart.com\/restaurant\/wp-json\/wp\/v2\/pages"}],"about":[{"href":"https:\/\/edtoart.com\/restaurant\/wp-json\/wp\/v2\/types\/page"}],"author":[{"embeddable":true,"href":"https:\/\/edtoart.com\/restaurant\/wp-json\/wp\/v2\/users\/1"}],"replies":[{"embeddable":true,"href":"https:\/\/edtoart.com\/restaurant\/wp-json\/wp\/v2\/comments?post=28"}],"version-history":[{"count":4,"href":"https:\/\/edtoart.com\/restaurant\/wp-json\/wp\/v2\/pages\/28\/revisions"}],"predecessor-version":[{"id":181,"href":"https:\/\/edtoart.com\/restaurant\/wp-json\/wp\/v2\/pages\/28\/revisions\/181"}],"wp:attachment":[{"href":"https:\/\/edtoart.com\/restaurant\/wp-json\/wp\/v2\/media?parent=28"}],"curies":[{"name":"wp","href":"https:\/\/api.w.org\/{rel}","templated":true}]}}